{"id":259079,"date":"2023-12-15T19:25:41","date_gmt":"2023-12-15T19:25:41","guid":{"rendered":"https:\/\/fajasboheme.com\/?page_id=259079"},"modified":"2023-12-15T19:27:28","modified_gmt":"2023-12-15T19:27:28","slug":"nosotros","status":"publish","type":"page","link":"https:\/\/fajasboheme.com\/index.php\/nosotros\/","title":{"rendered":"Nosotros"},"content":{"rendered":"<p>[et_pb_section fb_built=&#8221;1&#8243; admin_label=&#8221;Header&#8221; _builder_version=&#8221;4.18.0&#8243; _module_preset=&#8221;default&#8221; custom_padding=&#8221;||1px|||&#8221; collapsed=&#8221;on&#8221; global_colors_info=&#8221;{}&#8221; theme_builder_area=&#8221;post_content&#8221;][et_pb_row column_structure=&#8221;1_2,1_2&#8243; _builder_version=&#8221;4.18.0&#8243; _module_preset=&#8221;default&#8221; custom_padding=&#8221;0px||||false|false&#8221; global_colors_info=&#8221;{}&#8221; theme_builder_area=&#8221;post_content&#8221;][et_pb_column type=&#8221;1_2&#8243; _builder_version=&#8221;4.18.0&#8243; _module_preset=&#8221;default&#8221; global_colors_info=&#8221;{}&#8221; theme_builder_area=&#8221;post_content&#8221;][et_pb_image src=&#8221;http:\/\/fajasboheme.com\/wp-content\/uploads\/2023\/12\/3073.png&#8221; title_text=&#8221;3073&#8243; _builder_version=&#8221;4.21.0&#8243; _module_preset=&#8221;default&#8221; global_colors_info=&#8221;{}&#8221; theme_builder_area=&#8221;post_content&#8221;][\/et_pb_image][\/et_pb_column][et_pb_column type=&#8221;1_2&#8243; _builder_version=&#8221;4.18.0&#8243; _module_preset=&#8221;default&#8221; custom_padding=&#8221;10%||||false|false&#8221; global_colors_info=&#8221;{}&#8221; theme_builder_area=&#8221;post_content&#8221;][et_pb_text _builder_version=&#8221;4.21.0&#8243; _module_preset=&#8221;c16985e1-e0d6-4022-964d-e2bfc04fa633&#8243; header_font=&#8221;Cormorant Garamond|500|||||||&#8221; header_text_color=&#8221;#702168&#8243; header_font_size=&#8221;60px&#8221; header_line_height=&#8221;1.1em&#8221; header_font_size_tablet=&#8221;40px&#8221; header_font_size_phone=&#8221;32px&#8221; header_font_size_last_edited=&#8221;on|phone&#8221; global_colors_info=&#8221;{}&#8221; theme_builder_area=&#8221;post_content&#8221;]<\/p>\n<h1>Quienes Somos<\/h1>\n<p>[\/et_pb_text][et_pb_text _builder_version=&#8221;4.21.0&#8243; _module_preset=&#8221;1f09816e-184e-4ce5-a4cf-b39c52c423ca&#8221; text_font=&#8221;Raleway||||||||&#8221; text_text_color=&#8221;gcid-dde5a108-6ff0-4332-95cd-17313c181436&#8243; text_font_size=&#8221;16px&#8221; text_line_height=&#8221;1.8em&#8221; custom_margin=&#8221;||13px|||&#8221; text_font_size_tablet=&#8221;14px&#8221; text_font_size_phone=&#8221;13px&#8221; text_font_size_last_edited=&#8221;on|phone&#8221; header_font_size_tablet=&#8221;55px&#8221; header_font_size_last_edited=&#8221;off|desktop&#8221; global_colors_info=&#8221;{%22gcid-dde5a108-6ff0-4332-95cd-17313c181436%22:%91%22text_text_color%22%93}&#8221; theme_builder_area=&#8221;post_content&#8221;]<\/p>\n<p><strong>Fajas Boheme &#8211; Confort, Estilo y Empoderamiento a tu Medida<\/strong><\/p>\n<p>[\/et_pb_text][et_pb_text _builder_version=&#8221;4.21.0&#8243; _module_preset=&#8221;default&#8221; text_font=&#8221;Adamina||||||||&#8221; locked=&#8221;off&#8221; global_colors_info=&#8221;{}&#8221; theme_builder_area=&#8221;post_content&#8221;]<\/p>\n<p style=\"text-align: left;\"><span>Bienvenido al mundo de Fajas Boheme, donde la calidad se encuentra con el dise\u00f1o para ofrecerte la mejor versi\u00f3n de ti mismo. Somos una marca orgullosamente colombiana con m\u00e1s de 15 a\u00f1os de experiencia en la industria de la moda, especializada en la creaci\u00f3n de prendas de vestir que realzan y celebran la silueta humana. Nuestros productos estrella incluyen fajas de control, brasieres postquir\u00fargicos, shorts, bandas y accesorios que no solo buscan embellecer, sino tambi\u00e9n ofrecer soporte y comodidad en momentos clave de tu vida.<\/span><\/p>\n<p>[\/et_pb_text][\/et_pb_column][\/et_pb_row][\/et_pb_section][et_pb_section fb_built=&#8221;1&#8243; admin_label=&#8221;About&#8221; _builder_version=&#8221;4.18.0&#8243; _module_preset=&#8221;default&#8221; custom_padding=&#8221;4px||17px|||&#8221; collapsed=&#8221;on&#8221; global_colors_info=&#8221;{}&#8221; theme_builder_area=&#8221;post_content&#8221;][et_pb_row column_structure=&#8221;1_3,2_3&#8243; _builder_version=&#8221;4.18.0&#8243; _module_preset=&#8221;default&#8221; global_colors_info=&#8221;{}&#8221; theme_builder_area=&#8221;post_content&#8221;][et_pb_column type=&#8221;1_3&#8243; _builder_version=&#8221;4.18.0&#8243; _module_preset=&#8221;default&#8221; global_colors_info=&#8221;{}&#8221; theme_builder_area=&#8221;post_content&#8221;][et_pb_image src=&#8221;http:\/\/fajasboheme.com\/wp-content\/uploads\/2023\/12\/7007-2.png&#8221; title_text=&#8221;7007 (2)&#8221; _builder_version=&#8221;4.21.0&#8243; _module_preset=&#8221;default&#8221; global_colors_info=&#8221;{}&#8221; theme_builder_area=&#8221;post_content&#8221;][\/et_pb_image][\/et_pb_column][et_pb_column type=&#8221;2_3&#8243; _builder_version=&#8221;4.18.0&#8243; _module_preset=&#8221;default&#8221; custom_padding=&#8221;8%||||false|false&#8221; custom_padding_tablet=&#8221;0%||||false|false&#8221; custom_padding_phone=&#8221;0%||||false|false&#8221; custom_padding_last_edited=&#8221;on|tablet&#8221; global_colors_info=&#8221;{}&#8221; theme_builder_area=&#8221;post_content&#8221;][et_pb_text _builder_version=&#8221;4.21.0&#8243; _module_preset=&#8221;c16985e1-e0d6-4022-964d-e2bfc04fa633&#8243; header_font=&#8221;Cormorant Garamond|500|||||||&#8221; header_text_color=&#8221;#702168&#8243; header_font_size=&#8221;60px&#8221; header_line_height=&#8221;1.1em&#8221; header_font_size_tablet=&#8221;40px&#8221; header_font_size_phone=&#8221;32px&#8221; header_font_size_last_edited=&#8221;on|phone&#8221; global_colors_info=&#8221;{}&#8221; theme_builder_area=&#8221;post_content&#8221;]<\/p>\n<h1><strong>Nuestra Misi\u00f3n<\/strong><\/h1>\n<p>[\/et_pb_text][et_pb_text _builder_version=&#8221;4.21.0&#8243; _module_preset=&#8221;default&#8221; text_font=&#8221;Adamina||||||||&#8221; locked=&#8221;off&#8221; global_colors_info=&#8221;{}&#8221; theme_builder_area=&#8221;post_content&#8221;]<\/p>\n<p style=\"text-align: left;\"><span>En Fajas Boheme, nos dedicamos a la excelencia. Cada faja, cada detalle, est\u00e1 pensado y dise\u00f1ado para proporcionar la m\u00e1xima satisfacci\u00f3n. Creemos en la belleza de cada cuerpo y trabajamos incansablemente para que nuestros clientes se sientan seguros y confortables, sin importar la ocasi\u00f3n.<\/span><\/p>\n<p>[\/et_pb_text][\/et_pb_column][\/et_pb_row][et_pb_row column_structure=&#8221;2_3,1_3&#8243; _builder_version=&#8221;4.18.0&#8243; _module_preset=&#8221;default&#8221; global_colors_info=&#8221;{}&#8221; theme_builder_area=&#8221;post_content&#8221;][et_pb_column type=&#8221;2_3&#8243; _builder_version=&#8221;4.18.0&#8243; _module_preset=&#8221;default&#8221; custom_padding=&#8221;8%|||15%|false|false&#8221; custom_padding_tablet=&#8221;0%|||0%|false|false&#8221; custom_padding_phone=&#8221;0%|||0%|false|false&#8221; custom_padding_last_edited=&#8221;on|tablet&#8221; global_colors_info=&#8221;{}&#8221; theme_builder_area=&#8221;post_content&#8221;][et_pb_text _builder_version=&#8221;4.21.0&#8243; _module_preset=&#8221;c16985e1-e0d6-4022-964d-e2bfc04fa633&#8243; header_font=&#8221;Cormorant Garamond|500|||||||&#8221; header_text_color=&#8221;#702168&#8243; header_font_size=&#8221;60px&#8221; header_line_height=&#8221;1.1em&#8221; header_font_size_tablet=&#8221;40px&#8221; header_font_size_phone=&#8221;32px&#8221; header_font_size_last_edited=&#8221;on|phone&#8221; global_colors_info=&#8221;{}&#8221; theme_builder_area=&#8221;post_content&#8221;]<\/p>\n<h1><strong>\u00bfPor Qu\u00e9 Elegir Fajas Boheme?<\/strong><\/h1>\n<p>[\/et_pb_text][et_pb_text _builder_version=&#8221;4.21.0&#8243; _module_preset=&#8221;default&#8221; text_font=&#8221;Adamina||||||||&#8221; locked=&#8221;off&#8221; global_colors_info=&#8221;{}&#8221; theme_builder_area=&#8221;post_content&#8221;]<\/p>\n<p><strong>Calidad que Inspira Confianza:<\/strong> Nuestras fajas son el resultado de una meticulosa selecci\u00f3n de materiales y un proceso de fabricaci\u00f3n que sigue los m\u00e1s altos est\u00e1ndares de la industria. Cada costura, cada cierre, est\u00e1 ah\u00ed para asegurar tu comodidad y confianza.<\/p>\n<p><strong>Innovaci\u00f3n y Dise\u00f1o:<\/strong> Con una visi\u00f3n vanguardista, ofrecemos dise\u00f1os que no solo se adaptan a las tendencias actuales, sino que tambi\u00e9n establecen nuevas. Nuestro equipo creativo trabaja sin descanso para innovar y brindarte productos a la medida de tus deseos.<\/p>\n<p><strong>Servicio Personalizado:<\/strong> Entendemos que cada cliente es \u00fanico. Por eso, nos esforzamos en ofrecer un servicio personalizado y atento que garantiza una experiencia de compra excepcional.<\/p>\n<p><strong>Presencia Global:<\/strong> M\u00e1s all\u00e1 de nuestras fronteras, Fajas Boheme ha conquistado mercados internacionales, llevando la calidad y el dise\u00f1o colombiano a cada rinc\u00f3n del mundo con exportaciones eficaces, r\u00e1pidas y confiables.<\/p>\n<p>[\/et_pb_text][\/et_pb_column][et_pb_column type=&#8221;1_3&#8243; _builder_version=&#8221;4.18.0&#8243; _module_preset=&#8221;default&#8221; global_colors_info=&#8221;{}&#8221; theme_builder_area=&#8221;post_content&#8221;][et_pb_image src=&#8221;http:\/\/fajasboheme.com\/wp-content\/uploads\/2023\/12\/7010.png&#8221; title_text=&#8221;7010&#8243; _builder_version=&#8221;4.21.0&#8243; _module_preset=&#8221;default&#8221; global_colors_info=&#8221;{}&#8221; theme_builder_area=&#8221;post_content&#8221;][\/et_pb_image][\/et_pb_column][\/et_pb_row][\/et_pb_section][et_pb_section fb_built=&#8221;1&#8243; admin_label=&#8221;How We Met&#8221; _builder_version=&#8221;4.18.0&#8243; _module_preset=&#8221;default&#8221; overflow-x=&#8221;hidden&#8221; overflow-y=&#8221;hidden&#8221; custom_padding=&#8221;15px||0px|||&#8221; collapsed=&#8221;on&#8221; global_colors_info=&#8221;{}&#8221; theme_builder_area=&#8221;post_content&#8221;][et_pb_row column_structure=&#8221;2_3,1_3&#8243; make_equal=&#8221;on&#8221; _builder_version=&#8221;4.18.0&#8243; _module_preset=&#8221;default&#8221; global_colors_info=&#8221;{}&#8221; theme_builder_area=&#8221;post_content&#8221;][et_pb_column type=&#8221;2_3&#8243; _builder_version=&#8221;4.18.0&#8243; _module_preset=&#8221;default&#8221; global_colors_info=&#8221;{}&#8221; theme_builder_area=&#8221;post_content&#8221;][et_pb_image src=&#8221;http:\/\/fajasboheme.com\/wp-content\/uploads\/2023\/12\/Catalogo-Boheme-76.png&#8221; title_text=&#8221;Cat\u00e1logo Boheme-76&#8243; _builder_version=&#8221;4.21.0&#8243; _module_preset=&#8221;default&#8221; custom_margin_tablet=&#8221;||30px||false|false&#8221; custom_margin_phone=&#8221;||30px||false|false&#8221; custom_margin_last_edited=&#8221;on|tablet&#8221; global_colors_info=&#8221;{}&#8221; theme_builder_area=&#8221;post_content&#8221;][\/et_pb_image][\/et_pb_column][et_pb_column type=&#8221;1_3&#8243; _builder_version=&#8221;4.18.0&#8243; _module_preset=&#8221;default&#8221; global_colors_info=&#8221;{}&#8221; theme_builder_area=&#8221;post_content&#8221;][et_pb_text _builder_version=&#8221;4.21.0&#8243; _module_preset=&#8221;default&#8221; text_font=&#8221;Adamina||||||||&#8221; locked=&#8221;off&#8221; global_colors_info=&#8221;{}&#8221; theme_builder_area=&#8221;post_content&#8221;]<\/p>\n<p><strong>Crea tu Propia Marca con Nosotros:<\/strong> Potencia tu negocio con nuestra opci\u00f3n de fabricaci\u00f3n con marca propia. Ofrecemos m\u00e1s de 50 referencias diferentes para todos los tipos de cuerpo, con los mejores precios del mercado y sin variaci\u00f3n al cambio de divisa. Adem\u00e1s, contamos con la posibilidad de desarrollar dise\u00f1os exclusivos, patentes y reformas exclusivas para tus pedidos.<\/p>\n<p><strong>\u00danete a la Familia Boheme<\/strong><\/p>\n<p>Al elegir Fajas Boheme, no solo est\u00e1s adquiriendo una prenda de calidad, est\u00e1s invirtiendo en tu bienestar y estilo de vida. Invitamos a distribuidores, emprendedores y clientes a ser parte de una historia de \u00e9xito y belleza.<\/p>\n<p>\u00a1Gracias por confiar en nosotros y por ser parte de nuestra historia!<\/p>\n<p>[\/et_pb_text][et_pb_image src=&#8221;http:\/\/fajasboheme.com\/wp-content\/uploads\/2023\/12\/Catalogo-Boheme-93.png&#8221; title_text=&#8221;Cat\u00e1logo Boheme-93&#8243; _builder_version=&#8221;4.21.0&#8243; _module_preset=&#8221;default&#8221; positioning=&#8221;absolute&#8221; position_origin_a=&#8221;bottom_left&#8221; position_origin_a_tablet=&#8221;bottom_left&#8221; position_origin_a_phone=&#8221;bottom_left&#8221; position_origin_a_last_edited=&#8221;on|desktop&#8221; position_origin_f_tablet=&#8221;&#8221; position_origin_f_phone=&#8221;&#8221; position_origin_f_last_edited=&#8221;on|desktop&#8221; position_origin_r_tablet=&#8221;&#8221; position_origin_r_phone=&#8221;&#8221; position_origin_r_last_edited=&#8221;on|desktop&#8221; positioning_tablet=&#8221;none&#8221; positioning_phone=&#8221;none&#8221; positioning_last_edited=&#8221;on|desktop&#8221; global_colors_info=&#8221;{}&#8221; theme_builder_area=&#8221;post_content&#8221;][\/et_pb_image][\/et_pb_column][\/et_pb_row][\/et_pb_section][et_pb_section fb_built=&#8221;1&#8243; admin_label=&#8221;Footer 1&#8243; _builder_version=&#8221;4.21.0&#8243; _module_preset=&#8221;default&#8221; use_background_color_gradient=&#8221;on&#8221; background_color_gradient_stops=&#8221;#ffffff 0%|rgba(255,255,255,0) 100%&#8221; background_color_gradient_overlays_image=&#8221;on&#8221; background_image=&#8221;http:\/\/fajasboheme.com\/wp-content\/uploads\/2023\/12\/Catalogo-Boheme-20.png&#8221; custom_padding=&#8221;||32%||false|false&#8221; saved_tabs=&#8221;all&#8221; collapsed=&#8221;on&#8221; global_colors_info=&#8221;{}&#8221; theme_builder_area=&#8221;post_content&#8221;][et_pb_row _builder_version=&#8221;4.18.0&#8243; _module_preset=&#8221;default&#8221; max_width=&#8221;700px&#8221; global_colors_info=&#8221;{}&#8221; theme_builder_area=&#8221;post_content&#8221;][et_pb_column type=&#8221;4_4&#8243; _builder_version=&#8221;4.18.0&#8243; _module_preset=&#8221;default&#8221; global_colors_info=&#8221;{}&#8221; theme_builder_area=&#8221;post_content&#8221;][et_pb_text _builder_version=&#8221;4.21.0&#8243; _module_preset=&#8221;b327cbe4-b1d5-4b66-ad37-40c8f2f061ba&#8221; header_2_font=&#8221;Cormorant Garamond|500|||||||&#8221; header_2_font_size=&#8221;60px&#8221; header_2_line_height=&#8221;1.2em&#8221; text_orientation=&#8221;center&#8221; header_2_font_size_tablet=&#8221;32px&#8221; header_2_font_size_phone=&#8221;20px&#8221; header_2_font_size_last_edited=&#8221;on|desktop&#8221; global_colors_info=&#8221;{}&#8221; theme_builder_area=&#8221;post_content&#8221;]<\/p>\n<h2>Cont\u00e1ctenos<\/h2>\n<p>[\/et_pb_text][et_pb_text _builder_version=&#8221;4.21.0&#8243; _module_preset=&#8221;4827deed-2a92-4d97-a22f-f01067ae6873&#8243; header_font=&#8221;||||||||&#8221; header_4_font=&#8221;Cormorant Garamond|600|||||||&#8221; header_4_font_size=&#8221;24px&#8221; header_4_line_height=&#8221;1.2em&#8221; text_orientation=&#8221;center&#8221; custom_margin=&#8221;||10px||false|false&#8221; header_4_font_size_tablet=&#8221;16px&#8221; header_4_font_size_phone=&#8221;15px&#8221; header_4_font_size_last_edited=&#8221;on|tablet&#8221; locked=&#8221;off&#8221; global_colors_info=&#8221;{}&#8221; theme_builder_area=&#8221;post_content&#8221;]<\/p>\n<ul>\n<li>\ud83d\udcde <strong>+57 350 5238678<\/strong><\/li>\n<li><strong>\ud83d\udccd Carrera 35b # 0-08 Bogot\u00e1, Colombia.<\/strong><\/li>\n<li><strong>\ud83d\udce7 <a target=\"_new\" href=\"mailto:sales@fajasboheme.com\" rel=\"noopener\">sales@fajasboheme.com<\/a><\/strong><\/li>\n<\/ul>\n<p>[\/et_pb_text][et_pb_image src=&#8221;http:\/\/fajasboheme.com\/wp-content\/uploads\/2023\/12\/Logo.png&#8221; title_text=&#8221;Logo&#8221; align=&#8221;center&#8221; _builder_version=&#8221;4.21.0&#8243; _module_preset=&#8221;default&#8221; width=&#8221;44%&#8221; global_colors_info=&#8221;{}&#8221; theme_builder_area=&#8221;post_content&#8221;][\/et_pb_image][\/et_pb_column][\/et_pb_row][\/et_pb_section]<\/p>\n","protected":false},"excerpt":{"rendered":"<p>Quienes SomosFajas Boheme &#8211; Confort, Estilo y Empoderamiento a tu MedidaBienvenido al mundo de Fajas Boheme, donde la calidad se encuentra con el dise\u00f1o para ofrecerte la mejor versi\u00f3n de ti mismo. Somos una marca orgullosamente colombiana con m\u00e1s de 15 a\u00f1os de experiencia en la industria de la moda, especializada en la creaci\u00f3n de [&hellip;]<\/p>\n","protected":false},"author":1,"featured_media":0,"parent":0,"menu_order":0,"comment_status":"closed","ping_status":"closed","template":"","meta":{"_et_pb_use_builder":"on","_et_pb_old_content":"","_et_gb_content_width":"","footnotes":""},"_links":{"self":[{"href":"https:\/\/fajasboheme.com\/index.php\/wp-json\/wp\/v2\/pages\/259079"}],"collection":[{"href":"https:\/\/fajasboheme.com\/index.php\/wp-json\/wp\/v2\/pages"}],"about":[{"href":"https:\/\/fajasboheme.com\/index.php\/wp-json\/wp\/v2\/types\/page"}],"author":[{"embeddable":true,"href":"https:\/\/fajasboheme.com\/index.php\/wp-json\/wp\/v2\/users\/1"}],"replies":[{"embeddable":true,"href":"https:\/\/fajasboheme.com\/index.php\/wp-json\/wp\/v2\/comments?post=259079"}],"version-history":[{"count":3,"href":"https:\/\/fajasboheme.com\/index.php\/wp-json\/wp\/v2\/pages\/259079\/revisions"}],"predecessor-version":[{"id":259083,"href":"https:\/\/fajasboheme.com\/index.php\/wp-json\/wp\/v2\/pages\/259079\/revisions\/259083"}],"wp:attachment":[{"href":"https:\/\/fajasboheme.com\/index.php\/wp-json\/wp\/v2\/media?parent=259079"}],"curies":[{"name":"wp","href":"https:\/\/api.w.org\/{rel}","templated":true}]}}