{"id":389,"date":"2023-12-12T23:21:59","date_gmt":"2023-12-12T23:21:59","guid":{"rendered":"https:\/\/fajasboheme.com\/?post_type=product&#038;p=389"},"modified":"2025-12-06T04:47:49","modified_gmt":"2025-12-06T04:47:49","slug":"6025-1-corregir-duplicado","status":"publish","type":"product","link":"https:\/\/fajasboheme.com\/index.php\/product\/6025-1-corregir-duplicado\/","title":{"rendered":"6026"},"content":{"rendered":"","protected":false},"excerpt":{"rendered":"<p>Faja tipo cals\u00f3n, elaborada en powernet de alta compresi\u00f3n, forrada en Lycra Nylon, tiras de brasier, viene con brochadura de una posici\u00f3n en la parte interna y cremallera en frente, doble refuerzo en abdomen bajo, terminaci\u00f3n con brochadura en la parte \u00edntima.<\/p>\n","protected":false},"featured_media":411,"comment_status":"open","ping_status":"closed","template":"","meta":{"_et_pb_use_builder":"","_et_pb_old_content":"","_et_gb_content_width":""},"product_cat":[32],"product_tag":[],"_links":{"self":[{"href":"https:\/\/fajasboheme.com\/index.php\/wp-json\/wp\/v2\/product\/389"}],"collection":[{"href":"https:\/\/fajasboheme.com\/index.php\/wp-json\/wp\/v2\/product"}],"about":[{"href":"https:\/\/fajasboheme.com\/index.php\/wp-json\/wp\/v2\/types\/product"}],"replies":[{"embeddable":true,"href":"https:\/\/fajasboheme.com\/index.php\/wp-json\/wp\/v2\/comments?post=389"}],"wp:featuredmedia":[{"embeddable":true,"href":"https:\/\/fajasboheme.com\/index.php\/wp-json\/wp\/v2\/media\/411"}],"wp:attachment":[{"href":"https:\/\/fajasboheme.com\/index.php\/wp-json\/wp\/v2\/media?parent=389"}],"wp:term":[{"taxonomy":"product_cat","embeddable":true,"href":"https:\/\/fajasboheme.com\/index.php\/wp-json\/wp\/v2\/product_cat?post=389"},{"taxonomy":"product_tag","embeddable":true,"href":"https:\/\/fajasboheme.com\/index.php\/wp-json\/wp\/v2\/product_tag?post=389"}],"curies":[{"name":"wp","href":"https:\/\/api.w.org\/{rel}","templated":true}]}}